{"id":7391,"date":"2023-08-24T01:34:57","date_gmt":"2023-08-24T01:34:57","guid":{"rendered":"https:\/\/madridantiguedades.com\/?post_type=product&#038;p=7391"},"modified":"2023-09-02T16:48:14","modified_gmt":"2023-09-02T16:48:14","slug":"figura-de-madera-mambila","status":"publish","type":"product","link":"https:\/\/madridantiguedades.com\/?product=figura-de-madera-mambila","title":{"rendered":"Figura de madera Mambila"},"content":{"rendered":"<div id=\"description\" class=\"acordion-body collapse show\" aria-labelledby=\"collapse_description\">\n<div id=\"descripcion\" class=\"tab-pane active\">\n<div class=\"margin-bottom\">\n<div>\n<p>Figura antepasado Mambila.<\/p>\n<p>Material: Madera<\/p>\n<p>Periodo: 1900-1940<\/p>\n<p>Dimensiones: 22.5 cm de alto<\/p>\n<p>Estado: En muy buen estado de conservaci\u00f3n<\/p>\n<p>Procedencia: Colecci\u00f3n privada Francesa 1950.<\/p>\n<p>Descripci\u00f3n:<\/p>\n<p>Una hermosa figura de un antepasado femenino mambila de principios del siglo XX de pie con los brazos tallados libres del cuerpo, la cara c\u00f3ncava en forma de coraz\u00f3n con ojos almendrados. Inclinada sobre piernas cortas, anguladas y estilizadas, p\u00e1tina oscura con incrustaciones. Esta estatua constituye una bell\u00edsima demostraci\u00f3n de la permeabilidad estil\u00edstica en la regi\u00f3n fronteriza entre Camer\u00fan y Nigeria.<\/p>\n<\/div>\n<\/div>\n<\/div>\n<\/div>\n","protected":false},"excerpt":{"rendered":"<p>Figura antepasado Mambila. Material: Madera Periodo: 1900-1940 Dimensiones: 22.5 cm de alto Estado: En muy buen estado de conservaci\u00f3n Procedencia: Colecci\u00f3n privada Francesa 1950. Descripci\u00f3n: Una hermosa figura de un antepasado femenino mambila de principios del siglo XX de pie con los brazos tallados libres del cuerpo, la cara c\u00f3ncava en forma de coraz\u00f3n con [&hellip;]<\/p>\n","protected":false},"featured_media":7381,"template":"","meta":[],"product_cat":[72],"product_tag":[],"class_list":{"0":"post-7391","1":"product","2":"type-product","3":"status-publish","4":"has-post-thumbnail","6":"product_cat-arte-africano","8":"first","9":"instock","10":"shipping-taxable","11":"purchasable","12":"product-type-simple"},"_links":{"self":[{"href":"https:\/\/madridantiguedades.com\/index.php?rest_route=\/wp\/v2\/product\/7391","targetHints":{"allow":["GET"]}}],"collection":[{"href":"https:\/\/madridantiguedades.com\/index.php?rest_route=\/wp\/v2\/product"}],"about":[{"href":"https:\/\/madridantiguedades.com\/index.php?rest_route=\/wp\/v2\/types\/product"}],"wp:featuredmedia":[{"embeddable":true,"href":"https:\/\/madridantiguedades.com\/index.php?rest_route=\/wp\/v2\/media\/7381"}],"wp:attachment":[{"href":"https:\/\/madridantiguedades.com\/index.php?rest_route=%2Fwp%2Fv2%2Fmedia&parent=7391"}],"wp:term":[{"taxonomy":"product_cat","embeddable":true,"href":"https:\/\/madridantiguedades.com\/index.php?rest_route=%2Fwp%2Fv2%2Fproduct_cat&post=7391"},{"taxonomy":"product_tag","embeddable":true,"href":"https:\/\/madridantiguedades.com\/index.php?rest_route=%2Fwp%2Fv2%2Fproduct_tag&post=7391"}],"curies":[{"name":"wp","href":"https:\/\/api.w.org\/{rel}","templated":true}]}}