{"id":7448,"date":"2023-08-26T20:11:15","date_gmt":"2023-08-26T20:11:15","guid":{"rendered":"https:\/\/madridantiguedades.com\/?post_type=product&#038;p=7448"},"modified":"2023-09-02T12:11:16","modified_gmt":"2023-09-02T12:11:16","slug":"figura-mambila-zoomorfica","status":"publish","type":"product","link":"https:\/\/madridantiguedades.com\/?product=figura-mambila-zoomorfica","title":{"rendered":"Figura Mambila zoom\u00f3rfica"},"content":{"rendered":"<p>UNA RARA FIGURA FEMENINA ZOOMORFICA DE MAMBILA DE FINALES DEL SIGLO XIX O PRINCIPIOS DEL XX (TADEP). De pie con la parte superior de los brazos separada del cuerpo, ojos c\u00f3nicos sobre tallos, boca bien abierta mostrando la lengua, manos levantadas y cerca del cuerpo. No se sabe mucho sobre las figuras de Mambila, que representan a humanos en una variedad de formas abstractas, ya que han estado en desuso desde aproximadamente la d\u00e9cada de 1970. Recientemente se ha cuestionado la suposici\u00f3n anterior de que se hab\u00edan utilizado en el culto a los antepasados. En cambio, es posible que hayan sido propiedad de asociaciones preocupadas por la enfermedad y la curaci\u00f3n.<\/p>\n<p>Procedencia: Colecci\u00f3n privada Francesa 1950<\/p>\n<p>T\u00edtulo: Figura: Mujer (Tadep).<\/p>\n<p>Periodo: Finales siglo XIX princios del siglo XX<\/p>\n<p>Geograf\u00eda: Camer\u00fan, Norte de Camer\u00fan, R\u00edo Donga Cultura: Pueblos mambila, grupo Tep.<\/p>\n<p>Dimensiones: Alto 32 cm.<\/p>\n<p>Clasificaci\u00f3n: Escultura en madera<\/p>\n<p>Material: Madera.<\/p>\n<p>Estado: Buen estado.<\/p>\n","protected":false},"excerpt":{"rendered":"<p>UNA RARA FIGURA FEMENINA ZOOMORFICA DE MAMBILA DE FINALES DEL SIGLO XIX O PRINCIPIOS DEL XX (TADEP). De pie con la parte superior de los brazos separada del cuerpo, ojos c\u00f3nicos sobre tallos, boca bien abierta mostrando la lengua, manos levantadas y cerca del cuerpo. No se sabe mucho sobre las figuras de Mambila, que [&hellip;]<\/p>\n","protected":false},"featured_media":7461,"template":"","meta":[],"product_cat":[72],"product_tag":[],"class_list":{"0":"post-7448","1":"product","2":"type-product","3":"status-publish","4":"has-post-thumbnail","6":"product_cat-arte-africano","8":"first","9":"instock","10":"shipping-taxable","11":"purchasable","12":"product-type-simple"},"_links":{"self":[{"href":"https:\/\/madridantiguedades.com\/index.php?rest_route=\/wp\/v2\/product\/7448","targetHints":{"allow":["GET"]}}],"collection":[{"href":"https:\/\/madridantiguedades.com\/index.php?rest_route=\/wp\/v2\/product"}],"about":[{"href":"https:\/\/madridantiguedades.com\/index.php?rest_route=\/wp\/v2\/types\/product"}],"wp:featuredmedia":[{"embeddable":true,"href":"https:\/\/madridantiguedades.com\/index.php?rest_route=\/wp\/v2\/media\/7461"}],"wp:attachment":[{"href":"https:\/\/madridantiguedades.com\/index.php?rest_route=%2Fwp%2Fv2%2Fmedia&parent=7448"}],"wp:term":[{"taxonomy":"product_cat","embeddable":true,"href":"https:\/\/madridantiguedades.com\/index.php?rest_route=%2Fwp%2Fv2%2Fproduct_cat&post=7448"},{"taxonomy":"product_tag","embeddable":true,"href":"https:\/\/madridantiguedades.com\/index.php?rest_route=%2Fwp%2Fv2%2Fproduct_tag&post=7448"}],"curies":[{"name":"wp","href":"https:\/\/api.w.org\/{rel}","templated":true}]}}